{"id":1527,"date":"2018-06-10T21:50:17","date_gmt":"2018-06-10T21:50:17","guid":{"rendered":"http:\/\/www.fundacioncuidarycurar.org\/webfcyc\/?page_id=1527"},"modified":"2021-07-13T08:20:42","modified_gmt":"2021-07-13T08:20:42","slug":"apuesta-por-la-investigacion","status":"publish","type":"page","link":"https:\/\/www.fundacioncuidarycurar.org\/webfcyc\/apuesta-por-la-investigacion\/","title":{"rendered":"<I + D + I!>"},"content":{"rendered":"\n\n\t\n\t\t\t\t<img loading=\"lazy\" decoding=\"async\" src=\"https:\/\/www.fundacioncuidarycurar.org\/webfcyc\/wp-content\/uploads\/2021\/07\/IMG_20210707_094209-scaled.jpg\" alt=\"IMG_20210707_094209\" itemprop=\"image\" height=\"1152\" width=\"2560\" title=\"IMG_20210707_094209\" onerror=\"this.style.display='none'\"  \/>\n\t<p>La investigaci\u00f3n, desarrollo e innovaci\u00f3n juegan un papel fundamental dentro de la Fundaci\u00f3n Cuidar y Curar, permitiendo el desarrollo y aplicaci\u00f3n de proyectos de car\u00e1cter sociosanitarios.<\/p>\n<p>Nuestra experiencia en el cuidado y bienestar de las personas nos proporciona un mayor conocimiento en el sector, consiguiendo as\u00ed nuevas v\u00edas de desarrollo, mucho m\u00e1s cercanas a las necesidades de las personas que atendemos.<\/p>\n<p>Adem\u00e1s de contar con un equipo t\u00e9cnico de desarrollo, disponemos de multitud de profesionales sociosanitarios para cubrir cualquier tipo de necesidad y ofrecer un servicio mucho m\u00e1s personalizado.<\/p>\n<p>Actualmente, nuestro principal objetivo es atender a las personas en su propio domicilio, evitando as\u00ed ingresos innecesarios, mediante las siguientes v\u00edas de investigaci\u00f3n:<\/p>\n<ul>\n<li>Teleasistencia avanzada m\u00f3vil.<\/li>\n<li>Monitorizaci\u00f3n remota de la salud.<\/li>\n<li>Monitorizaci\u00f3n de domicilios inteligentes.<\/li>\n<li>Atenci\u00f3n al paciente en su domicilio.<\/li>\n<\/ul>\n\n","protected":false},"excerpt":{"rendered":"<p>La investigaci\u00f3n, desarrollo e innovaci\u00f3n juegan un papel fundamental dentro de la Fundaci\u00f3n Cuidar y Curar, permitiendo el desarrollo y aplicaci\u00f3n de [&hellip;]<\/p>\n","protected":false},"author":1,"featured_media":0,"parent":0,"menu_order":0,"comment_status":"closed","ping_status":"closed","template":"page-templates\/page_fullwidth.php","meta":{"footnotes":""},"class_list":["post-1527","page","type-page","status-publish","hentry"],"_links":{"self":[{"href":"https:\/\/www.fundacioncuidarycurar.org\/webfcyc\/wp-json\/wp\/v2\/pages\/1527","targetHints":{"allow":["GET"]}}],"collection":[{"href":"https:\/\/www.fundacioncuidarycurar.org\/webfcyc\/wp-json\/wp\/v2\/pages"}],"about":[{"href":"https:\/\/www.fundacioncuidarycurar.org\/webfcyc\/wp-json\/wp\/v2\/types\/page"}],"author":[{"embeddable":true,"href":"https:\/\/www.fundacioncuidarycurar.org\/webfcyc\/wp-json\/wp\/v2\/users\/1"}],"replies":[{"embeddable":true,"href":"https:\/\/www.fundacioncuidarycurar.org\/webfcyc\/wp-json\/wp\/v2\/comments?post=1527"}],"version-history":[{"count":14,"href":"https:\/\/www.fundacioncuidarycurar.org\/webfcyc\/wp-json\/wp\/v2\/pages\/1527\/revisions"}],"predecessor-version":[{"id":2171,"href":"https:\/\/www.fundacioncuidarycurar.org\/webfcyc\/wp-json\/wp\/v2\/pages\/1527\/revisions\/2171"}],"wp:attachment":[{"href":"https:\/\/www.fundacioncuidarycurar.org\/webfcyc\/wp-json\/wp\/v2\/media?parent=1527"}],"curies":[{"name":"wp","href":"https:\/\/api.w.org\/{rel}","templated":true}]}}